{"id":3,"date":"2025-01-09T15:15:49","date_gmt":"2025-01-09T14:15:49","guid":{"rendered":"http:\/\/draft1.gallice.law\/draft1\/?page_id=3"},"modified":"2025-10-27T15:49:55","modified_gmt":"2025-10-27T14:49:55","slug":"mentions-legales","status":"publish","type":"page","link":"https:\/\/draft1.gallice.law\/draft1\/mentions-legales\/","title":{"rendered":"Politique de confidentialit\u00e9"},"content":{"rendered":"\t\t<div data-elementor-type=\"wp-page\" data-elementor-id=\"3\" class=\"elementor elementor-3\">\n\t\t\t\t<div class=\"elementor-element elementor-element-5a24c511 e-flex e-con-boxed e-con e-parent\" data-id=\"5a24c511\" data-element_type=\"container\" data-e-type=\"container\">\n\t\t\t\t\t<div class=\"e-con-inner\">\n\t\t\t\t<div class=\"elementor-element elementor-element-71ca047c elementor-widget elementor-widget-text-editor\" data-id=\"71ca047c\" data-element_type=\"widget\" data-e-type=\"widget\" data-widget_type=\"text-editor.default\">\n\t\t\t\t<div class=\"elementor-widget-container\"><h2 class=\"wp-block-heading\">Qui sommes-nous\u00a0?<\/h2><p class=\"\" data-start=\"426\" data-end=\"457\">Le pr\u00e9sent site est \u00e9dit\u00e9 par :<\/p>\n<p class=\"\" data-start=\"459\" data-end=\"711\"><strong data-start=\"459\" data-end=\"484\">Ma\u00eetre Thomas Gallice<\/strong>,<br data-start=\"485\" data-end=\"488\" \/>Avocat au Barreau de Paris,<br data-start=\"515\" data-end=\"518\" \/>32 rue de Monceau, 75008 Paris<br data-start=\"546\" data-end=\"549\" \/>Email : thomas.gallice@draft1.gallice.law<br data-start=\"593\" data-end=\"596\" \/>SIREN : 939 413 829<br data-start=\"617\" data-end=\"620\" \/>Num\u00e9ro de TVA intracommunautaire : FR07939413829<\/p>\n<p class=\"\" data-start=\"459\" data-end=\"711\"><br data-start=\"682\" data-end=\"685\" \/>Profession r\u00e9glement\u00e9e soumise aux r\u00e8gles d\u00e9ontologiques applicables aux avocats en France, sous l\u2019autorit\u00e9 du Conseil National des Barreaux (CNB), de l\u2019Ordre des avocats de Paris et de la CNIL.<\/p><h2 class=\"wp-block-heading\">Directeur de la publication<\/h2><p>Ma\u00eetre Thomas Gallice.<\/p><h2 class=\"wp-block-heading\">H\u00e9bergement<\/h2><p>Le site est h\u00e9berg\u00e9 par :<br data-start=\"1015\" data-end=\"1018\" \/><strong data-start=\"1018\" data-end=\"1029\">OVH SAS<\/strong><br data-start=\"1029\" data-end=\"1032\" \/>2 rue Kellermann, 59100 Roubaix \u2013 France<br data-start=\"1072\" data-end=\"1075\" \/>T\u00e9l. : 1007<br data-start=\"1086\" data-end=\"1089\" \/>Site : <a class=\"\" href=\"https:\/\/www.ovhcloud.com\" target=\"_new\" rel=\"noopener\" data-start=\"1096\" data-end=\"1140\">www.ovhcloud.com<\/a><\/p><h2 class=\"wp-block-heading\">Propri\u00e9t\u00e9 intellectuelle<\/h2><p>L\u2019ensemble du contenu de ce site (textes, images, logos, \u00e9l\u00e9ments graphiques, structure g\u00e9n\u00e9rale) est prot\u00e9g\u00e9 par les lois en vigueur sur la propri\u00e9t\u00e9 intellectuelle et est la propri\u00e9t\u00e9 exclusive de Ma\u00eetre Thomas Gallice.<br data-start=\"1397\" data-end=\"1400\" \/>Toute reproduction ou repr\u00e9sentation, m\u00eame partielle, est interdite sans autorisation \u00e9crite pr\u00e9alable.<\/p><h2 class=\"wp-block-heading\">Donn\u00e9es personnelles<\/h2><p>Aucune donn\u00e9e personnelle n\u2019est collect\u00e9e \u00e0 l\u2019insu des visiteurs.<br data-start=\"1600\" data-end=\"1603\" \/>Les donn\u00e9es transmises via le formulaire de contact sont uniquement utilis\u00e9es pour r\u00e9pondre aux sollicitations, et ne sont pas c\u00e9d\u00e9es \u00e0 des tiers.<\/p>\n<p class=\"\" data-start=\"1751\" data-end=\"2021\">Conform\u00e9ment \u00e0 la loi Informatique et Libert\u00e9s et au R\u00e8glement g\u00e9n\u00e9ral sur la protection des donn\u00e9es (RGPD), vous disposez d\u2019un droit d\u2019acc\u00e8s, de rectification et de suppression des donn\u00e9es vous concernant. Pour exercer ce droit, vous pouvez \u00e9crire \u00e0 : thomas.gallice@draft1.gallice.law.<\/p><h2 class=\"wp-block-heading\">Responsabilit\u00e9<\/h2><p>Le contenu du site est fourni \u00e0 titre informatif. Il ne constitue pas un conseil juridique et ne saurait engager la responsabilit\u00e9 de l\u2019\u00e9diteur en cas d&rsquo;erreur, d&rsquo;omission ou d&rsquo;obsolescence.<br \/>Le cabinet d\u00e9cline toute responsabilit\u00e9 quant au contenu des liens externes.<\/p><\/div>\n\t\t\t\t<\/div>\n\t\t\t\t\t<\/div>\n\t\t\t\t<\/div>\t\t<\/div>\n\t\t","protected":false},"excerpt":{"rendered":"<p>Qui sommes-nous\u00a0? Le pr\u00e9sent site est \u00e9dit\u00e9 par : Ma\u00eetre Thomas Gallice,Avocat au Barreau de Paris,32 rue de Monceau, 75008 ParisEmail : thomas.gallice@draft1.gallice.lawSIREN : 939 413 829Num\u00e9ro de TVA intracommunautaire : FR07939413829 Profession r\u00e9glement\u00e9e soumise aux r\u00e8gles d\u00e9ontologiques applicables aux avocats en France, sous l\u2019autorit\u00e9 du Conseil National des Barreaux (CNB), de l\u2019Ordre des avocats [&hellip;]<\/p>\n","protected":false},"author":1,"featured_media":0,"parent":0,"menu_order":0,"comment_status":"closed","ping_status":"open","template":"","meta":{"site-sidebar-layout":"default","site-content-layout":"","ast-site-content-layout":"default","site-content-style":"default","site-sidebar-style":"default","ast-global-header-display":"","ast-banner-title-visibility":"","ast-main-header-display":"","ast-hfb-above-header-display":"","ast-hfb-below-header-display":"","ast-hfb-mobile-header-display":"","site-post-title":"","ast-breadcrumbs-content":"","ast-featured-img":"","footer-sml-layout":"","theme-transparent-header-meta":"","adv-header-id-meta":"","stick-header-meta":"","header-above-stick-meta":"","header-main-stick-meta":"","header-below-stick-meta":"","astra-migrate-meta-layouts":"set","ast-page-background-enabled":"default","ast-page-background-meta":{"desktop":{"background-color":"","background-image":"","background-repeat":"repeat","background-position":"center center","background-size":"auto","background-attachment":"scroll","background-type":"","background-media":"","overlay-type":"","overlay-color":"","overlay-opacity":"","overlay-gradient":""},"tablet":{"background-color":"","background-image":"","background-repeat":"repeat","background-position":"center center","background-size":"auto","background-attachment":"scroll","background-type":"","background-media":"","overlay-type":"","overlay-color":"","overlay-opacity":"","overlay-gradient":""},"mobile":{"background-color":"","background-image":"","background-repeat":"repeat","background-position":"center center","background-size":"auto","background-attachment":"scroll","background-type":"","background-media":"","overlay-type":"","overlay-color":"","overlay-opacity":"","overlay-gradient":""}},"ast-content-background-meta":{"desktop":{"background-color":"var(--ast-global-color-5)","background-image":"","background-repeat":"repeat","background-position":"center center","background-size":"auto","background-attachment":"scroll","background-type":"","background-media":"","overlay-type":"","overlay-color":"","overlay-opacity":"","overlay-gradient":""},"tablet":{"background-color":"var(--ast-global-color-5)","background-image":"","background-repeat":"repeat","background-position":"center center","background-size":"auto","background-attachment":"scroll","background-type":"","background-media":"","overlay-type":"","overlay-color":"","overlay-opacity":"","overlay-gradient":""},"mobile":{"background-color":"var(--ast-global-color-5)","background-image":"","background-repeat":"repeat","background-position":"center center","background-size":"auto","background-attachment":"scroll","background-type":"","background-media":"","overlay-type":"","overlay-color":"","overlay-opacity":"","overlay-gradient":""}},"footnotes":""},"class_list":["post-3","page","type-page","status-publish","hentry"],"yoast_head":"<!-- This site is optimized with the Yoast SEO plugin v27.5 - https:\/\/yoast.com\/product\/yoast-seo-wordpress\/ -->\n<title>Politique de confidentialit\u00e9 - Gallice.law<\/title>\n<meta name=\"description\" content=\"Politique de confidentialit\u00e9 et mentions l\u00e9gales du site internet\" \/>\n<meta name=\"robots\" content=\"index, follow, max-snippet:-1, max-image-preview:large, max-video-preview:-1\" \/>\n<link rel=\"canonical\" href=\"https:\/\/draft1.gallice.law\/draft1\/mentions-legales\/\" \/>\n<meta property=\"og:locale\" content=\"fr_FR\" \/>\n<meta property=\"og:type\" content=\"article\" \/>\n<meta property=\"og:title\" content=\"Politique de confidentialit\u00e9 - Gallice.law\" \/>\n<meta property=\"og:description\" content=\"Politique de confidentialit\u00e9 et mentions l\u00e9gales du site internet\" \/>\n<meta property=\"og:url\" content=\"https:\/\/draft1.gallice.law\/draft1\/mentions-legales\/\" \/>\n<meta property=\"og:site_name\" content=\"Gallice.law\" \/>\n<meta property=\"article:modified_time\" content=\"2025-10-27T14:49:55+00:00\" \/>\n<meta name=\"twitter:card\" content=\"summary_large_image\" \/>\n<meta name=\"twitter:label1\" content=\"Dur\u00e9e de lecture estim\u00e9e\" \/>\n\t<meta name=\"twitter:data1\" content=\"2 minutes\" \/>\n<script type=\"application\/ld+json\" class=\"yoast-schema-graph\">{\"@context\":\"https:\\\/\\\/schema.org\",\"@graph\":[{\"@type\":\"WebPage\",\"@id\":\"https:\\\/\\\/draft1.gallice.law\\\/draft1\\\/mentions-legales\\\/\",\"url\":\"https:\\\/\\\/draft1.gallice.law\\\/draft1\\\/mentions-legales\\\/\",\"name\":\"Politique de confidentialit\u00e9 - Gallice.law\",\"isPartOf\":{\"@id\":\"https:\\\/\\\/draft1.gallice.law\\\/draft1\\\/#website\"},\"datePublished\":\"2025-01-09T14:15:49+00:00\",\"dateModified\":\"2025-10-27T14:49:55+00:00\",\"description\":\"Politique de confidentialit\u00e9 et mentions l\u00e9gales du site internet\",\"breadcrumb\":{\"@id\":\"https:\\\/\\\/draft1.gallice.law\\\/draft1\\\/mentions-legales\\\/#breadcrumb\"},\"inLanguage\":\"fr-FR\",\"potentialAction\":[{\"@type\":\"ReadAction\",\"target\":[\"https:\\\/\\\/draft1.gallice.law\\\/draft1\\\/mentions-legales\\\/\"]}]},{\"@type\":\"BreadcrumbList\",\"@id\":\"https:\\\/\\\/draft1.gallice.law\\\/draft1\\\/mentions-legales\\\/#breadcrumb\",\"itemListElement\":[{\"@type\":\"ListItem\",\"position\":1,\"name\":\"Accueil\",\"item\":\"https:\\\/\\\/draft1.gallice.law\\\/draft1\\\/\"},{\"@type\":\"ListItem\",\"position\":2,\"name\":\"Politique de confidentialit\u00e9\"}]},{\"@type\":\"WebSite\",\"@id\":\"https:\\\/\\\/draft1.gallice.law\\\/draft1\\\/#website\",\"url\":\"https:\\\/\\\/draft1.gallice.law\\\/draft1\\\/\",\"name\":\"Gallice.law\",\"description\":\"Fiscal &amp; P\u00e9nal\",\"publisher\":{\"@id\":\"https:\\\/\\\/draft1.gallice.law\\\/draft1\\\/#organization\"},\"potentialAction\":[{\"@type\":\"SearchAction\",\"target\":{\"@type\":\"EntryPoint\",\"urlTemplate\":\"https:\\\/\\\/draft1.gallice.law\\\/draft1\\\/?s={search_term_string}\"},\"query-input\":{\"@type\":\"PropertyValueSpecification\",\"valueRequired\":true,\"valueName\":\"search_term_string\"}}],\"inLanguage\":\"fr-FR\"},{\"@type\":\"Organization\",\"@id\":\"https:\\\/\\\/draft1.gallice.law\\\/draft1\\\/#organization\",\"name\":\"Gallice.law\",\"url\":\"https:\\\/\\\/draft1.gallice.law\\\/draft1\\\/\",\"logo\":{\"@type\":\"ImageObject\",\"inLanguage\":\"fr-FR\",\"@id\":\"https:\\\/\\\/draft1.gallice.law\\\/draft1\\\/#\\\/schema\\\/logo\\\/image\\\/\",\"url\":\"https:\\\/\\\/draft1.gallice.law\\\/draft1\\\/wp-content\\\/uploads\\\/2025\\\/02\\\/Logo-Gallice.law-fond-blanc.png\",\"contentUrl\":\"https:\\\/\\\/draft1.gallice.law\\\/draft1\\\/wp-content\\\/uploads\\\/2025\\\/02\\\/Logo-Gallice.law-fond-blanc.png\",\"width\":515,\"height\":366,\"caption\":\"Gallice.law\"},\"image\":{\"@id\":\"https:\\\/\\\/draft1.gallice.law\\\/draft1\\\/#\\\/schema\\\/logo\\\/image\\\/\"}}]}<\/script>\n<!-- \/ Yoast SEO plugin. -->","yoast_head_json":{"title":"Politique de confidentialit\u00e9 - Gallice.law","description":"Politique de confidentialit\u00e9 et mentions l\u00e9gales du site internet","robots":{"index":"index","follow":"follow","max-snippet":"max-snippet:-1","max-image-preview":"max-image-preview:large","max-video-preview":"max-video-preview:-1"},"canonical":"https:\/\/draft1.gallice.law\/draft1\/mentions-legales\/","og_locale":"fr_FR","og_type":"article","og_title":"Politique de confidentialit\u00e9 - Gallice.law","og_description":"Politique de confidentialit\u00e9 et mentions l\u00e9gales du site internet","og_url":"https:\/\/draft1.gallice.law\/draft1\/mentions-legales\/","og_site_name":"Gallice.law","article_modified_time":"2025-10-27T14:49:55+00:00","twitter_card":"summary_large_image","twitter_misc":{"Dur\u00e9e de lecture estim\u00e9e":"2 minutes"},"schema":{"@context":"https:\/\/schema.org","@graph":[{"@type":"WebPage","@id":"https:\/\/draft1.gallice.law\/draft1\/mentions-legales\/","url":"https:\/\/draft1.gallice.law\/draft1\/mentions-legales\/","name":"Politique de confidentialit\u00e9 - Gallice.law","isPartOf":{"@id":"https:\/\/draft1.gallice.law\/draft1\/#website"},"datePublished":"2025-01-09T14:15:49+00:00","dateModified":"2025-10-27T14:49:55+00:00","description":"Politique de confidentialit\u00e9 et mentions l\u00e9gales du site internet","breadcrumb":{"@id":"https:\/\/draft1.gallice.law\/draft1\/mentions-legales\/#breadcrumb"},"inLanguage":"fr-FR","potentialAction":[{"@type":"ReadAction","target":["https:\/\/draft1.gallice.law\/draft1\/mentions-legales\/"]}]},{"@type":"BreadcrumbList","@id":"https:\/\/draft1.gallice.law\/draft1\/mentions-legales\/#breadcrumb","itemListElement":[{"@type":"ListItem","position":1,"name":"Accueil","item":"https:\/\/draft1.gallice.law\/draft1\/"},{"@type":"ListItem","position":2,"name":"Politique de confidentialit\u00e9"}]},{"@type":"WebSite","@id":"https:\/\/draft1.gallice.law\/draft1\/#website","url":"https:\/\/draft1.gallice.law\/draft1\/","name":"Gallice.law","description":"Fiscal &amp; P\u00e9nal","publisher":{"@id":"https:\/\/draft1.gallice.law\/draft1\/#organization"},"potentialAction":[{"@type":"SearchAction","target":{"@type":"EntryPoint","urlTemplate":"https:\/\/draft1.gallice.law\/draft1\/?s={search_term_string}"},"query-input":{"@type":"PropertyValueSpecification","valueRequired":true,"valueName":"search_term_string"}}],"inLanguage":"fr-FR"},{"@type":"Organization","@id":"https:\/\/draft1.gallice.law\/draft1\/#organization","name":"Gallice.law","url":"https:\/\/draft1.gallice.law\/draft1\/","logo":{"@type":"ImageObject","inLanguage":"fr-FR","@id":"https:\/\/draft1.gallice.law\/draft1\/#\/schema\/logo\/image\/","url":"https:\/\/draft1.gallice.law\/draft1\/wp-content\/uploads\/2025\/02\/Logo-Gallice.law-fond-blanc.png","contentUrl":"https:\/\/draft1.gallice.law\/draft1\/wp-content\/uploads\/2025\/02\/Logo-Gallice.law-fond-blanc.png","width":515,"height":366,"caption":"Gallice.law"},"image":{"@id":"https:\/\/draft1.gallice.law\/draft1\/#\/schema\/logo\/image\/"}}]}},"_links":{"self":[{"href":"https:\/\/draft1.gallice.law\/draft1\/wp-json\/wp\/v2\/pages\/3","targetHints":{"allow":["GET"]}}],"collection":[{"href":"https:\/\/draft1.gallice.law\/draft1\/wp-json\/wp\/v2\/pages"}],"about":[{"href":"https:\/\/draft1.gallice.law\/draft1\/wp-json\/wp\/v2\/types\/page"}],"author":[{"embeddable":true,"href":"https:\/\/draft1.gallice.law\/draft1\/wp-json\/wp\/v2\/users\/1"}],"replies":[{"embeddable":true,"href":"https:\/\/draft1.gallice.law\/draft1\/wp-json\/wp\/v2\/comments?post=3"}],"version-history":[{"count":7,"href":"https:\/\/draft1.gallice.law\/draft1\/wp-json\/wp\/v2\/pages\/3\/revisions"}],"predecessor-version":[{"id":1924,"href":"https:\/\/draft1.gallice.law\/draft1\/wp-json\/wp\/v2\/pages\/3\/revisions\/1924"}],"wp:attachment":[{"href":"https:\/\/draft1.gallice.law\/draft1\/wp-json\/wp\/v2\/media?parent=3"}],"curies":[{"name":"wp","href":"https:\/\/api.w.org\/{rel}","templated":true}]}}